{"id":19503,"date":"2025-02-20T18:20:58","date_gmt":"2025-02-20T15:20:58","guid":{"rendered":"https:\/\/t-bath.com\/urun\/ceyhan-dusakabin\/"},"modified":"2025-04-14T17:38:38","modified_gmt":"2025-04-14T14:38:38","slug":"ceyhan","status":"publish","type":"product","link":"https:\/\/t-bath.com\/en\/urun\/ceyhan\/","title":{"rendered":"CEYHAN"},"content":{"rendered":"<p><span style=\"vertical-align: inherit;\"><span style=\"vertical-align: inherit;\">Hem modern hem klasik banyolara uygun olarak tasarlanan <\/span><\/span><strong><span style=\"vertical-align: inherit;\"><span style=\"vertical-align: inherit;\">CEYHAN<\/span><\/span><\/strong><span style=\"vertical-align: inherit;\"><span style=\"vertical-align: inherit;\"> , \u015f\u0131kl\u0131\u011f\u0131n ve dayan\u0131kl\u0131l\u0131\u011f\u0131n m\u00fckemmel birle\u015fimidir.<\/span><\/span><\/p>\n<p><strong><span style=\"vertical-align: inherit;\"><span style=\"vertical-align: inherit;\">CEYHAN \u2013 \u015e\u0131k ve Fonksiyonel Tasar\u0131m<\/span><\/span><\/strong><span style=\"vertical-align: inherit;\"><span style=\"vertical-align: inherit;\"> Krom kaplamal\u0131 detaylar ve 6\u20138 mm kal\u0131nl\u0131\u011f\u0131nda temperli cam ile CEYHAN uzun \u00f6m\u00fcrl\u00fc kullan\u0131m sunar. Dikey mente\u015fe sistemi, bir sabit ve bir hareketli panel ile sorunsuz \u00e7al\u0131\u015fma sa\u011flar.<\/span><\/span><\/p>\n<p><strong><span style=\"vertical-align: inherit;\"><span style=\"vertical-align: inherit;\">\u00d6zellikler:<\/span><\/span><\/strong><\/p>\n<ul>\n<li><strong><span style=\"vertical-align: inherit;\"><span style=\"vertical-align: inherit;\">Cam Kal\u0131nl\u0131\u011f\u0131:<\/span><\/span><\/strong><span style=\"vertical-align: inherit;\"><span style=\"vertical-align: inherit;\"> 6\u20138 mm temperli cam<\/span><\/span><\/li>\n<li><strong><span style=\"vertical-align: inherit;\"><span style=\"vertical-align: inherit;\">Cam Se\u00e7enekleri:<\/span><\/span><\/strong><span style=\"vertical-align: inherit;\"><span style=\"vertical-align: inherit;\"> \u015eeffaf, Buzlu, Izgara Desenli<\/span><\/span><\/li>\n<li><strong><span style=\"vertical-align: inherit;\"><span style=\"vertical-align: inherit;\">Krom Kaplama:<\/span><\/span><\/strong><span style=\"vertical-align: inherit;\"><span style=\"vertical-align: inherit;\"> Uzun s\u00fcreli kullan\u0131m i\u00e7in korozyona dayan\u0131kl\u0131<\/span><\/span><\/li>\n<li><strong><span style=\"vertical-align: inherit;\"><span style=\"vertical-align: inherit;\">Boyut Aral\u0131\u011f\u0131:<\/span><\/span><\/strong><span style=\"vertical-align: inherit;\"><span style=\"vertical-align: inherit;\"> 60 cm ila 110 cm<\/span><\/span><\/li>\n<li><strong><span style=\"vertical-align: inherit;\"><span style=\"vertical-align: inherit;\">Kolay Bak\u0131m:<\/span><\/span><\/strong><span style=\"vertical-align: inherit;\"><span style=\"vertical-align: inherit;\"> Suya dayan\u0131kl\u0131 y\u00fczey, zahmetsiz temizlik sa\u011flar<\/span><\/span><\/li>\n<\/ul>\n","protected":false},"excerpt":{"rendered":"<p><span style=\"vertical-align: inherit;\"><span style=\"vertical-align: inherit;\">CEYHAN du\u015fakabin modeli hem modern hem de klasik banyo dekorasyonlar\u0131 i\u00e7in m\u00fckemmel bir se\u00e7imdir. Kaliteli malzemeler ve \u015f\u0131k tasar\u0131mla banyonuza zarafet kat\u0131n!<\/span><\/span><\/p>\n","protected":false},"featured_media":19695,"template":"","meta":{"inline_featured_image":false},"product_cat":[185],"product_tag":[],"class_list":{"0":"post-19503","1":"product","2":"type-product","3":"status-publish","4":"has-post-thumbnail","6":"product_cat-panel-serilerimiz-en","8":"first","9":"instock","10":"shipping-taxable","11":"product-type-variable"},"yoast_head":"<!-- This site is optimized with the Yoast SEO plugin v24.5 - https:\/\/yoast.com\/wordpress\/plugins\/seo\/ -->\n<title>CEYHAN Shower Cabin<\/title>\n<meta name=\"description\" content=\"Designed for both modern and classic bathrooms, CEYHAN is the perfect blend of elegance and durability.\" \/>\n<meta name=\"robots\" content=\"index, follow, max-snippet:-1, max-image-preview:large, max-video-preview:-1\" \/>\n<link rel=\"canonical\" href=\"https:\/\/t-bath.com\/en\/urun\/ceyhan\/\" \/>\n<meta property=\"og:locale\" content=\"en_US\" \/>\n<meta property=\"og:type\" content=\"article\" \/>\n<meta property=\"og:title\" content=\"CEYHAN Shower Cabin\" \/>\n<meta property=\"og:description\" content=\"Designed for both modern and classic bathrooms, CEYHAN is the perfect blend of elegance and durability.\" \/>\n<meta property=\"og:url\" content=\"https:\/\/t-bath.com\/en\/urun\/ceyhan\/\" \/>\n<meta property=\"og:site_name\" content=\"T-Bath\" \/>\n<meta property=\"article:modified_time\" content=\"2025-04-14T14:38:38+00:00\" \/>\n<meta property=\"og:image\" content=\"https:\/\/t-bath.com\/wp-content\/uploads\/2025\/02\/ceyhan-1.jpg\" \/>\n\t<meta property=\"og:image:width\" content=\"800\" \/>\n\t<meta property=\"og:image:height\" content=\"800\" \/>\n\t<meta property=\"og:image:type\" content=\"image\/jpeg\" \/>\n<meta name=\"twitter:card\" content=\"summary_large_image\" \/>\n<meta name=\"twitter:label1\" content=\"Est. reading time\" \/>\n\t<meta name=\"twitter:data1\" content=\"1 minute\" \/>\n<script type=\"application\/ld+json\" class=\"yoast-schema-graph\">{\"@context\":\"https:\/\/schema.org\",\"@graph\":[{\"@type\":\"WebPage\",\"@id\":\"https:\/\/t-bath.com\/en\/urun\/ceyhan\/\",\"url\":\"https:\/\/t-bath.com\/en\/urun\/ceyhan\/\",\"name\":\"CEYHAN Shower Cabin\",\"isPartOf\":{\"@id\":\"https:\/\/t-bath.com\/#website\"},\"primaryImageOfPage\":{\"@id\":\"https:\/\/t-bath.com\/en\/urun\/ceyhan\/#primaryimage\"},\"image\":{\"@id\":\"https:\/\/t-bath.com\/en\/urun\/ceyhan\/#primaryimage\"},\"thumbnailUrl\":\"https:\/\/t-bath.com\/wp-content\/uploads\/2025\/02\/ceyhan-1.jpg\",\"datePublished\":\"2025-02-20T15:20:58+00:00\",\"dateModified\":\"2025-04-14T14:38:38+00:00\",\"description\":\"Designed for both modern and classic bathrooms, CEYHAN is the perfect blend of elegance and durability.\",\"breadcrumb\":{\"@id\":\"https:\/\/t-bath.com\/en\/urun\/ceyhan\/#breadcrumb\"},\"inLanguage\":\"en-US\",\"potentialAction\":[{\"@type\":\"ReadAction\",\"target\":[\"https:\/\/t-bath.com\/en\/urun\/ceyhan\/\"]}]},{\"@type\":\"ImageObject\",\"inLanguage\":\"en-US\",\"@id\":\"https:\/\/t-bath.com\/en\/urun\/ceyhan\/#primaryimage\",\"url\":\"https:\/\/t-bath.com\/wp-content\/uploads\/2025\/02\/ceyhan-1.jpg\",\"contentUrl\":\"https:\/\/t-bath.com\/wp-content\/uploads\/2025\/02\/ceyhan-1.jpg\",\"width\":800,\"height\":800},{\"@type\":\"BreadcrumbList\",\"@id\":\"https:\/\/t-bath.com\/en\/urun\/ceyhan\/#breadcrumb\",\"itemListElement\":[{\"@type\":\"ListItem\",\"position\":1,\"name\":\"Anasayfa\",\"item\":\"https:\/\/t-bath.com\/en\/\"},{\"@type\":\"ListItem\",\"position\":2,\"name\":\"Ma\u011faza\",\"item\":\"https:\/\/t-bath.com\/magaza\/\"},{\"@type\":\"ListItem\",\"position\":3,\"name\":\"CEYHAN\"}]},{\"@type\":\"WebSite\",\"@id\":\"https:\/\/t-bath.com\/#website\",\"url\":\"https:\/\/t-bath.com\/\",\"name\":\"T-Bath\",\"description\":\"Shower Systems\",\"publisher\":{\"@id\":\"https:\/\/t-bath.com\/#organization\"},\"potentialAction\":[{\"@type\":\"SearchAction\",\"target\":{\"@type\":\"EntryPoint\",\"urlTemplate\":\"https:\/\/t-bath.com\/?s={search_term_string}\"},\"query-input\":{\"@type\":\"PropertyValueSpecification\",\"valueRequired\":true,\"valueName\":\"search_term_string\"}}],\"inLanguage\":\"en-US\"},{\"@type\":\"Organization\",\"@id\":\"https:\/\/t-bath.com\/#organization\",\"name\":\"T-Bath\",\"url\":\"https:\/\/t-bath.com\/\",\"logo\":{\"@type\":\"ImageObject\",\"inLanguage\":\"en-US\",\"@id\":\"https:\/\/t-bath.com\/#\/schema\/logo\/image\/\",\"url\":\"https:\/\/t-bath.com\/wp-content\/uploads\/2025\/01\/cropped-tb-logo_kucuk.png\",\"contentUrl\":\"https:\/\/t-bath.com\/wp-content\/uploads\/2025\/01\/cropped-tb-logo_kucuk.png\",\"width\":200,\"height\":74,\"caption\":\"T-Bath\"},\"image\":{\"@id\":\"https:\/\/t-bath.com\/#\/schema\/logo\/image\/\"}}]}<\/script>\n<!-- \/ Yoast SEO plugin. -->","yoast_head_json":{"title":"CEYHAN Shower Cabin","description":"Designed for both modern and classic bathrooms, CEYHAN is the perfect blend of elegance and durability.","robots":{"index":"index","follow":"follow","max-snippet":"max-snippet:-1","max-image-preview":"max-image-preview:large","max-video-preview":"max-video-preview:-1"},"canonical":"https:\/\/t-bath.com\/en\/urun\/ceyhan\/","og_locale":"en_US","og_type":"article","og_title":"CEYHAN Shower Cabin","og_description":"Designed for both modern and classic bathrooms, CEYHAN is the perfect blend of elegance and durability.","og_url":"https:\/\/t-bath.com\/en\/urun\/ceyhan\/","og_site_name":"T-Bath","article_modified_time":"2025-04-14T14:38:38+00:00","og_image":[{"width":800,"height":800,"url":"https:\/\/t-bath.com\/wp-content\/uploads\/2025\/02\/ceyhan-1.jpg","type":"image\/jpeg"}],"twitter_card":"summary_large_image","twitter_misc":{"Est. reading time":"1 minute"},"schema":{"@context":"https:\/\/schema.org","@graph":[{"@type":"WebPage","@id":"https:\/\/t-bath.com\/en\/urun\/ceyhan\/","url":"https:\/\/t-bath.com\/en\/urun\/ceyhan\/","name":"CEYHAN Shower Cabin","isPartOf":{"@id":"https:\/\/t-bath.com\/#website"},"primaryImageOfPage":{"@id":"https:\/\/t-bath.com\/en\/urun\/ceyhan\/#primaryimage"},"image":{"@id":"https:\/\/t-bath.com\/en\/urun\/ceyhan\/#primaryimage"},"thumbnailUrl":"https:\/\/t-bath.com\/wp-content\/uploads\/2025\/02\/ceyhan-1.jpg","datePublished":"2025-02-20T15:20:58+00:00","dateModified":"2025-04-14T14:38:38+00:00","description":"Designed for both modern and classic bathrooms, CEYHAN is the perfect blend of elegance and durability.","breadcrumb":{"@id":"https:\/\/t-bath.com\/en\/urun\/ceyhan\/#breadcrumb"},"inLanguage":"en-US","potentialAction":[{"@type":"ReadAction","target":["https:\/\/t-bath.com\/en\/urun\/ceyhan\/"]}]},{"@type":"ImageObject","inLanguage":"en-US","@id":"https:\/\/t-bath.com\/en\/urun\/ceyhan\/#primaryimage","url":"https:\/\/t-bath.com\/wp-content\/uploads\/2025\/02\/ceyhan-1.jpg","contentUrl":"https:\/\/t-bath.com\/wp-content\/uploads\/2025\/02\/ceyhan-1.jpg","width":800,"height":800},{"@type":"BreadcrumbList","@id":"https:\/\/t-bath.com\/en\/urun\/ceyhan\/#breadcrumb","itemListElement":[{"@type":"ListItem","position":1,"name":"Anasayfa","item":"https:\/\/t-bath.com\/en\/"},{"@type":"ListItem","position":2,"name":"Ma\u011faza","item":"https:\/\/t-bath.com\/magaza\/"},{"@type":"ListItem","position":3,"name":"CEYHAN"}]},{"@type":"WebSite","@id":"https:\/\/t-bath.com\/#website","url":"https:\/\/t-bath.com\/","name":"T-Bath","description":"Shower Systems","publisher":{"@id":"https:\/\/t-bath.com\/#organization"},"potentialAction":[{"@type":"SearchAction","target":{"@type":"EntryPoint","urlTemplate":"https:\/\/t-bath.com\/?s={search_term_string}"},"query-input":{"@type":"PropertyValueSpecification","valueRequired":true,"valueName":"search_term_string"}}],"inLanguage":"en-US"},{"@type":"Organization","@id":"https:\/\/t-bath.com\/#organization","name":"T-Bath","url":"https:\/\/t-bath.com\/","logo":{"@type":"ImageObject","inLanguage":"en-US","@id":"https:\/\/t-bath.com\/#\/schema\/logo\/image\/","url":"https:\/\/t-bath.com\/wp-content\/uploads\/2025\/01\/cropped-tb-logo_kucuk.png","contentUrl":"https:\/\/t-bath.com\/wp-content\/uploads\/2025\/01\/cropped-tb-logo_kucuk.png","width":200,"height":74,"caption":"T-Bath"},"image":{"@id":"https:\/\/t-bath.com\/#\/schema\/logo\/image\/"}}]}},"_links":{"self":[{"href":"https:\/\/t-bath.com\/en\/wp-json\/wp\/v2\/product\/19503","targetHints":{"allow":["GET"]}}],"collection":[{"href":"https:\/\/t-bath.com\/en\/wp-json\/wp\/v2\/product"}],"about":[{"href":"https:\/\/t-bath.com\/en\/wp-json\/wp\/v2\/types\/product"}],"wp:featuredmedia":[{"embeddable":true,"href":"https:\/\/t-bath.com\/en\/wp-json\/wp\/v2\/media\/19695"}],"wp:attachment":[{"href":"https:\/\/t-bath.com\/en\/wp-json\/wp\/v2\/media?parent=19503"}],"wp:term":[{"taxonomy":"product_cat","embeddable":true,"href":"https:\/\/t-bath.com\/en\/wp-json\/wp\/v2\/product_cat?post=19503"},{"taxonomy":"product_tag","embeddable":true,"href":"https:\/\/t-bath.com\/en\/wp-json\/wp\/v2\/product_tag?post=19503"}],"curies":[{"name":"wp","href":"https:\/\/api.w.org\/{rel}","templated":true}]}}