{"id":19469,"date":"2025-03-14T15:14:48","date_gmt":"2025-03-14T12:14:48","guid":{"rendered":"https:\/\/t-bath.com\/kisisel-verilerin-korunmasi\/"},"modified":"2025-10-30T15:31:22","modified_gmt":"2025-10-30T12:31:22","slug":"personal-data-protection","status":"publish","type":"page","link":"https:\/\/t-bath.com\/en\/personal-data-protection\/","title":{"rendered":"Personal Data Protection"},"content":{"rendered":"\t\t<div data-elementor-type=\"wp-page\" data-elementor-id=\"19469\" class=\"elementor elementor-19469 elementor-18553\" data-elementor-post-type=\"page\">\n\t\t\t\t<div class=\"elementor-element elementor-element-c186434 e-flex e-con-boxed e-con e-parent\" data-id=\"c186434\" data-element_type=\"container\">\n\t\t\t\t\t<div class=\"e-con-inner\">\n\t\t\t\t<div class=\"elementor-element elementor-element-ae36a3b elementor-widget elementor-widget-text-editor\" data-id=\"ae36a3b\" data-element_type=\"widget\" data-widget_type=\"text-editor.default\">\n\t\t\t\t<div class=\"elementor-widget-container\">\n\t\t\t\t\t\t\t\t\t<h4><strong>Personal Data Protection<\/strong><\/h4><p><strong>Last Updated: March 14, 2025<\/strong><\/p><p>In compliance with Turkish Law No. 6698 (KVKK like GPDR), Volem is committed to protecting your personal data. Below are our obligations and your rights.<\/p><ol><li>Data Controller:<br \/>Volem<br \/>Address: Yeni Mah. B\u00fcy\u00fck Toptanc\u0131lar Sitesi, 6211 Sk. No: 6, Sar\u0131\u00e7am \/ Adana \/ Turkey<br \/>Email: info@Volem.com<\/li><li>Personal Data Processed:<ul><li>Identity information (name, surname)<\/li><li>Contact details (email, phone)<\/li><li>Technical data (IP, cookies)<\/li><\/ul><\/li><li>Processing Purposes:<ul><li>Service delivery and improvement<\/li><li>Legal compliance<\/li><li>Enhanced user experience<\/li><\/ul><\/li><li>Data Transfers:<br \/>Data may be shared domestically or internationally with partners, with explicit consent and in line with KVKK Articles 8 and 9.<\/li><li>Your Rights (KVKK Article 11):<ul><li>Confirm whether your data is processed<\/li><li>Request correction or deletion<\/li><li>Object to processing<br \/>Submit requests via info@t-bath.com. All applications will be reviewed within 30 days.<\/li><\/ul><\/li><li>Data Security:<br \/>We store personal data in secure physical and digital environments, protected from unauthorized access.<\/li><li>Cookie Use:<br \/>Our website uses cookies. You can manage cookie preferences via your browser settings.<\/li><li>Contact:<br \/>For all questions: info@t-bath.com<\/li><\/ol>\t\t\t\t\t\t\t\t<\/div>\n\t\t\t\t<\/div>\n\t\t\t\t\t<\/div>\n\t\t\t\t<\/div>\n\t\t\t\t<\/div>\n\t\t","protected":false},"excerpt":{"rendered":"<p>Personal Data Protection Last Updated: March 14, 2025 In compliance with Turkish Law No. 6698 (KVKK like GPDR), Volem is committed to protecting your personal data. Below are our obligations and your rights. Data Controller: Volem Address: Yeni Mah. B\u00fcy\u00fck Toptanc\u0131lar Sitesi, 6211 Sk. No: 6, Sar\u0131\u00e7am \/ Adana \/ Turkey Email: info@Volem.com Personal Data [&hellip;]<\/p>\n","protected":false},"author":1,"featured_media":0,"parent":0,"menu_order":0,"comment_status":"closed","ping_status":"closed","template":"","meta":{"inline_featured_image":false,"footnotes":""},"class_list":["post-19469","page","type-page","status-publish","hentry"],"yoast_head":"<!-- This site is optimized with the Yoast SEO plugin v24.5 - https:\/\/yoast.com\/wordpress\/plugins\/seo\/ -->\n<title>GDPR &amp; Data Policy | Volem Shower Systems<\/title>\n<meta name=\"description\" content=\"Learn how Volem protects customer data in compliance with GDPR and privacy standards across all shower enclosure operations.\" \/>\n<meta name=\"robots\" content=\"index, follow, max-snippet:-1, max-image-preview:large, max-video-preview:-1\" \/>\n<link rel=\"canonical\" href=\"https:\/\/t-bath.com\/en\/personal-data-protection\/\" \/>\n<meta property=\"og:locale\" content=\"en_US\" \/>\n<meta property=\"og:type\" content=\"article\" \/>\n<meta property=\"og:title\" content=\"GDPR &amp; Data Policy | Volem Shower Systems\" \/>\n<meta property=\"og:description\" content=\"Learn how Volem protects customer data in compliance with GDPR and privacy standards across all shower enclosure operations.\" \/>\n<meta property=\"og:url\" content=\"https:\/\/t-bath.com\/en\/personal-data-protection\/\" \/>\n<meta property=\"og:site_name\" content=\"T-Bath\" \/>\n<meta property=\"article:modified_time\" content=\"2025-10-30T12:31:22+00:00\" \/>\n<meta name=\"twitter:card\" content=\"summary_large_image\" \/>\n<meta name=\"twitter:label1\" content=\"Est. reading time\" \/>\n\t<meta name=\"twitter:data1\" content=\"2 minutes\" \/>\n<script type=\"application\/ld+json\" class=\"yoast-schema-graph\">{\"@context\":\"https:\/\/schema.org\",\"@graph\":[{\"@type\":\"WebPage\",\"@id\":\"https:\/\/t-bath.com\/en\/personal-data-protection\/\",\"url\":\"https:\/\/t-bath.com\/en\/personal-data-protection\/\",\"name\":\"GDPR & Data Policy | Volem Shower Systems\",\"isPartOf\":{\"@id\":\"https:\/\/t-bath.com\/#website\"},\"datePublished\":\"2025-03-14T12:14:48+00:00\",\"dateModified\":\"2025-10-30T12:31:22+00:00\",\"description\":\"Learn how Volem protects customer data in compliance with GDPR and privacy standards across all shower enclosure operations.\",\"breadcrumb\":{\"@id\":\"https:\/\/t-bath.com\/en\/personal-data-protection\/#breadcrumb\"},\"inLanguage\":\"en-US\",\"potentialAction\":[{\"@type\":\"ReadAction\",\"target\":[\"https:\/\/t-bath.com\/en\/personal-data-protection\/\"]}]},{\"@type\":\"BreadcrumbList\",\"@id\":\"https:\/\/t-bath.com\/en\/personal-data-protection\/#breadcrumb\",\"itemListElement\":[{\"@type\":\"ListItem\",\"position\":1,\"name\":\"Anasayfa\",\"item\":\"https:\/\/t-bath.com\/en\/\"},{\"@type\":\"ListItem\",\"position\":2,\"name\":\"Personal Data Protection\"}]},{\"@type\":\"WebSite\",\"@id\":\"https:\/\/t-bath.com\/#website\",\"url\":\"https:\/\/t-bath.com\/\",\"name\":\"T-Bath\",\"description\":\"Shower Systems\",\"publisher\":{\"@id\":\"https:\/\/t-bath.com\/#organization\"},\"potentialAction\":[{\"@type\":\"SearchAction\",\"target\":{\"@type\":\"EntryPoint\",\"urlTemplate\":\"https:\/\/t-bath.com\/?s={search_term_string}\"},\"query-input\":{\"@type\":\"PropertyValueSpecification\",\"valueRequired\":true,\"valueName\":\"search_term_string\"}}],\"inLanguage\":\"en-US\"},{\"@type\":\"Organization\",\"@id\":\"https:\/\/t-bath.com\/#organization\",\"name\":\"T-Bath\",\"url\":\"https:\/\/t-bath.com\/\",\"logo\":{\"@type\":\"ImageObject\",\"inLanguage\":\"en-US\",\"@id\":\"https:\/\/t-bath.com\/#\/schema\/logo\/image\/\",\"url\":\"https:\/\/t-bath.com\/wp-content\/uploads\/2025\/01\/cropped-tb-logo_kucuk.png\",\"contentUrl\":\"https:\/\/t-bath.com\/wp-content\/uploads\/2025\/01\/cropped-tb-logo_kucuk.png\",\"width\":200,\"height\":74,\"caption\":\"T-Bath\"},\"image\":{\"@id\":\"https:\/\/t-bath.com\/#\/schema\/logo\/image\/\"}}]}<\/script>\n<!-- \/ Yoast SEO plugin. -->","yoast_head_json":{"title":"GDPR & Data Policy | Volem Shower Systems","description":"Learn how Volem protects customer data in compliance with GDPR and privacy standards across all shower enclosure operations.","robots":{"index":"index","follow":"follow","max-snippet":"max-snippet:-1","max-image-preview":"max-image-preview:large","max-video-preview":"max-video-preview:-1"},"canonical":"https:\/\/t-bath.com\/en\/personal-data-protection\/","og_locale":"en_US","og_type":"article","og_title":"GDPR & Data Policy | Volem Shower Systems","og_description":"Learn how Volem protects customer data in compliance with GDPR and privacy standards across all shower enclosure operations.","og_url":"https:\/\/t-bath.com\/en\/personal-data-protection\/","og_site_name":"T-Bath","article_modified_time":"2025-10-30T12:31:22+00:00","twitter_card":"summary_large_image","twitter_misc":{"Est. reading time":"2 minutes"},"schema":{"@context":"https:\/\/schema.org","@graph":[{"@type":"WebPage","@id":"https:\/\/t-bath.com\/en\/personal-data-protection\/","url":"https:\/\/t-bath.com\/en\/personal-data-protection\/","name":"GDPR & Data Policy | Volem Shower Systems","isPartOf":{"@id":"https:\/\/t-bath.com\/#website"},"datePublished":"2025-03-14T12:14:48+00:00","dateModified":"2025-10-30T12:31:22+00:00","description":"Learn how Volem protects customer data in compliance with GDPR and privacy standards across all shower enclosure operations.","breadcrumb":{"@id":"https:\/\/t-bath.com\/en\/personal-data-protection\/#breadcrumb"},"inLanguage":"en-US","potentialAction":[{"@type":"ReadAction","target":["https:\/\/t-bath.com\/en\/personal-data-protection\/"]}]},{"@type":"BreadcrumbList","@id":"https:\/\/t-bath.com\/en\/personal-data-protection\/#breadcrumb","itemListElement":[{"@type":"ListItem","position":1,"name":"Anasayfa","item":"https:\/\/t-bath.com\/en\/"},{"@type":"ListItem","position":2,"name":"Personal Data Protection"}]},{"@type":"WebSite","@id":"https:\/\/t-bath.com\/#website","url":"https:\/\/t-bath.com\/","name":"T-Bath","description":"Shower Systems","publisher":{"@id":"https:\/\/t-bath.com\/#organization"},"potentialAction":[{"@type":"SearchAction","target":{"@type":"EntryPoint","urlTemplate":"https:\/\/t-bath.com\/?s={search_term_string}"},"query-input":{"@type":"PropertyValueSpecification","valueRequired":true,"valueName":"search_term_string"}}],"inLanguage":"en-US"},{"@type":"Organization","@id":"https:\/\/t-bath.com\/#organization","name":"T-Bath","url":"https:\/\/t-bath.com\/","logo":{"@type":"ImageObject","inLanguage":"en-US","@id":"https:\/\/t-bath.com\/#\/schema\/logo\/image\/","url":"https:\/\/t-bath.com\/wp-content\/uploads\/2025\/01\/cropped-tb-logo_kucuk.png","contentUrl":"https:\/\/t-bath.com\/wp-content\/uploads\/2025\/01\/cropped-tb-logo_kucuk.png","width":200,"height":74,"caption":"T-Bath"},"image":{"@id":"https:\/\/t-bath.com\/#\/schema\/logo\/image\/"}}]}},"_links":{"self":[{"href":"https:\/\/t-bath.com\/en\/wp-json\/wp\/v2\/pages\/19469","targetHints":{"allow":["GET"]}}],"collection":[{"href":"https:\/\/t-bath.com\/en\/wp-json\/wp\/v2\/pages"}],"about":[{"href":"https:\/\/t-bath.com\/en\/wp-json\/wp\/v2\/types\/page"}],"author":[{"embeddable":true,"href":"https:\/\/t-bath.com\/en\/wp-json\/wp\/v2\/users\/1"}],"replies":[{"embeddable":true,"href":"https:\/\/t-bath.com\/en\/wp-json\/wp\/v2\/comments?post=19469"}],"version-history":[{"count":6,"href":"https:\/\/t-bath.com\/en\/wp-json\/wp\/v2\/pages\/19469\/revisions"}],"predecessor-version":[{"id":19785,"href":"https:\/\/t-bath.com\/en\/wp-json\/wp\/v2\/pages\/19469\/revisions\/19785"}],"wp:attachment":[{"href":"https:\/\/t-bath.com\/en\/wp-json\/wp\/v2\/media?parent=19469"}],"curies":[{"name":"wp","href":"https:\/\/api.w.org\/{rel}","templated":true}]}}