{"id":19466,"date":"2025-01-21T12:51:01","date_gmt":"2025-01-21T09:51:01","guid":{"rendered":"https:\/\/t-bath.com\/gizlilik-ilkesi\/"},"modified":"2025-10-30T15:30:14","modified_gmt":"2025-10-30T12:30:14","slug":"privacy-policy","status":"publish","type":"page","link":"https:\/\/t-bath.com\/en\/privacy-policy\/","title":{"rendered":"Privacy Policy"},"content":{"rendered":"\t\t<div data-elementor-type=\"wp-page\" data-elementor-id=\"19466\" class=\"elementor elementor-19466 elementor-3\" data-elementor-post-type=\"page\">\n\t\t\t\t<div class=\"elementor-element elementor-element-7fc26043 e-flex e-con-boxed e-con e-parent\" data-id=\"7fc26043\" data-element_type=\"container\">\n\t\t\t\t\t<div class=\"e-con-inner\">\n\t\t\t\t<div class=\"elementor-element elementor-element-7838608f elementor-widget elementor-widget-text-editor\" data-id=\"7838608f\" data-element_type=\"widget\" data-widget_type=\"text-editor.default\">\n\t\t\t\t<div class=\"elementor-widget-container\">\n\t\t\t\t\t\t\t\t\t<p>Privacy Policy<\/p><p>Last Updated: March 14, 2025<\/p><p>At Volem, we prioritize your privacy. This Privacy Policy explains how we collect, process, and protect your personal data, as well as your rights when you visit\u00a0 <br \/>https:\/\/t-bath.com or use our services.<\/p><ol><li>Data Collected:<ul><li>Personal Info: Name, email, phone, etc. (when filling out forms).<\/li><li>Usage Data: IP address, browser type, pages visited, session duration.<\/li><li>Cookies: Used to enhance user experience and for analytics. Manage via browser settings.<\/li><\/ul><\/li><li>Purpose of Data Use:<ul><li>To provide and improve services<\/li><li>To respond to inquiries<\/li><li>To analyze website performance and personalize user experience<\/li><li>To comply with legal obligations<\/li><\/ul><\/li><li>Data Sharing:<br \/>Personal data is not shared with third parties unless legally required or necessary for service provision (e.g., payment providers), and always in accordance with GDPR and KVKK.<\/li><li>Data Security:<br \/>We apply technical and administrative safeguards to protect your data. However, please be aware that internet-based data transfer is not fully secure.<\/li><li>Your Rights:<ul><li>Know whether your data is processed<\/li><li>Inquire about processing purposes<\/li><li>Request correction, deletion, or objection<br \/>Contact: info@Volem.com<\/li><\/ul><\/li><li>Contact Information:<br \/>For privacy-related questions: info@Volem.com<br \/>Address: Yeni Mah. B\u00fcy\u00fck Toptanc\u0131lar Sitesi, 6211 Sk. No: 6, Sar\u0131\u00e7am \/ Adana \/ Turkey<\/li><\/ol><p>We reserve the right to update this policy. Updates will be published on our website.<\/p>\t\t\t\t\t\t\t\t<\/div>\n\t\t\t\t<\/div>\n\t\t\t\t\t<\/div>\n\t\t\t\t<\/div>\n\t\t\t\t<\/div>\n\t\t","protected":false},"excerpt":{"rendered":"<p>Privacy Policy Last Updated: March 14, 2025 At Volem, we prioritize your privacy. This Privacy Policy explains how we collect, process, and protect your personal data, as well as your rights when you visit https:\/\/t-bath.com or use our services. Data Collected: Personal Info: Name, email, phone, etc. (when filling out forms). Usage Data: IP address, [&hellip;]<\/p>\n","protected":false},"author":1,"featured_media":0,"parent":0,"menu_order":0,"comment_status":"closed","ping_status":"open","template":"","meta":{"inline_featured_image":false,"footnotes":""},"class_list":["post-19466","page","type-page","status-publish","hentry"],"yoast_head":"<!-- This site is optimized with the Yoast SEO plugin v24.5 - https:\/\/yoast.com\/wordpress\/plugins\/seo\/ -->\n<title>Privacy Policy | Volem Shower Enclosures<\/title>\n<meta name=\"description\" content=\"Read Volem\u2019s privacy policy to learn how we handle and protect your personal information.\" \/>\n<meta name=\"robots\" content=\"index, follow, max-snippet:-1, max-image-preview:large, max-video-preview:-1\" \/>\n<link rel=\"canonical\" href=\"https:\/\/t-bath.com\/en\/privacy-policy\/\" \/>\n<meta property=\"og:locale\" content=\"en_US\" \/>\n<meta property=\"og:type\" content=\"article\" \/>\n<meta property=\"og:title\" content=\"Privacy Policy | Volem Shower Enclosures\" \/>\n<meta property=\"og:description\" content=\"Read Volem\u2019s privacy policy to learn how we handle and protect your personal information.\" \/>\n<meta property=\"og:url\" content=\"https:\/\/t-bath.com\/en\/privacy-policy\/\" \/>\n<meta property=\"og:site_name\" content=\"T-Bath\" \/>\n<meta property=\"article:modified_time\" content=\"2025-10-30T12:30:14+00:00\" \/>\n<meta name=\"twitter:card\" content=\"summary_large_image\" \/>\n<meta name=\"twitter:label1\" content=\"Est. reading time\" \/>\n\t<meta name=\"twitter:data1\" content=\"2 minutes\" \/>\n<script type=\"application\/ld+json\" class=\"yoast-schema-graph\">{\"@context\":\"https:\/\/schema.org\",\"@graph\":[{\"@type\":\"WebPage\",\"@id\":\"https:\/\/t-bath.com\/en\/privacy-policy\/\",\"url\":\"https:\/\/t-bath.com\/en\/privacy-policy\/\",\"name\":\"Privacy Policy | Volem Shower Enclosures\",\"isPartOf\":{\"@id\":\"https:\/\/t-bath.com\/#website\"},\"datePublished\":\"2025-01-21T09:51:01+00:00\",\"dateModified\":\"2025-10-30T12:30:14+00:00\",\"description\":\"Read Volem\u2019s privacy policy to learn how we handle and protect your personal information.\",\"breadcrumb\":{\"@id\":\"https:\/\/t-bath.com\/en\/privacy-policy\/#breadcrumb\"},\"inLanguage\":\"en-US\",\"potentialAction\":[{\"@type\":\"ReadAction\",\"target\":[\"https:\/\/t-bath.com\/en\/privacy-policy\/\"]}]},{\"@type\":\"BreadcrumbList\",\"@id\":\"https:\/\/t-bath.com\/en\/privacy-policy\/#breadcrumb\",\"itemListElement\":[{\"@type\":\"ListItem\",\"position\":1,\"name\":\"Anasayfa\",\"item\":\"https:\/\/t-bath.com\/en\/\"},{\"@type\":\"ListItem\",\"position\":2,\"name\":\"Privacy Policy\"}]},{\"@type\":\"WebSite\",\"@id\":\"https:\/\/t-bath.com\/#website\",\"url\":\"https:\/\/t-bath.com\/\",\"name\":\"T-Bath\",\"description\":\"Shower Systems\",\"publisher\":{\"@id\":\"https:\/\/t-bath.com\/#organization\"},\"potentialAction\":[{\"@type\":\"SearchAction\",\"target\":{\"@type\":\"EntryPoint\",\"urlTemplate\":\"https:\/\/t-bath.com\/?s={search_term_string}\"},\"query-input\":{\"@type\":\"PropertyValueSpecification\",\"valueRequired\":true,\"valueName\":\"search_term_string\"}}],\"inLanguage\":\"en-US\"},{\"@type\":\"Organization\",\"@id\":\"https:\/\/t-bath.com\/#organization\",\"name\":\"T-Bath\",\"url\":\"https:\/\/t-bath.com\/\",\"logo\":{\"@type\":\"ImageObject\",\"inLanguage\":\"en-US\",\"@id\":\"https:\/\/t-bath.com\/#\/schema\/logo\/image\/\",\"url\":\"https:\/\/t-bath.com\/wp-content\/uploads\/2025\/01\/cropped-tb-logo_kucuk.png\",\"contentUrl\":\"https:\/\/t-bath.com\/wp-content\/uploads\/2025\/01\/cropped-tb-logo_kucuk.png\",\"width\":200,\"height\":74,\"caption\":\"T-Bath\"},\"image\":{\"@id\":\"https:\/\/t-bath.com\/#\/schema\/logo\/image\/\"}}]}<\/script>\n<!-- \/ Yoast SEO plugin. -->","yoast_head_json":{"title":"Privacy Policy | Volem Shower Enclosures","description":"Read Volem\u2019s privacy policy to learn how we handle and protect your personal information.","robots":{"index":"index","follow":"follow","max-snippet":"max-snippet:-1","max-image-preview":"max-image-preview:large","max-video-preview":"max-video-preview:-1"},"canonical":"https:\/\/t-bath.com\/en\/privacy-policy\/","og_locale":"en_US","og_type":"article","og_title":"Privacy Policy | Volem Shower Enclosures","og_description":"Read Volem\u2019s privacy policy to learn how we handle and protect your personal information.","og_url":"https:\/\/t-bath.com\/en\/privacy-policy\/","og_site_name":"T-Bath","article_modified_time":"2025-10-30T12:30:14+00:00","twitter_card":"summary_large_image","twitter_misc":{"Est. reading time":"2 minutes"},"schema":{"@context":"https:\/\/schema.org","@graph":[{"@type":"WebPage","@id":"https:\/\/t-bath.com\/en\/privacy-policy\/","url":"https:\/\/t-bath.com\/en\/privacy-policy\/","name":"Privacy Policy | Volem Shower Enclosures","isPartOf":{"@id":"https:\/\/t-bath.com\/#website"},"datePublished":"2025-01-21T09:51:01+00:00","dateModified":"2025-10-30T12:30:14+00:00","description":"Read Volem\u2019s privacy policy to learn how we handle and protect your personal information.","breadcrumb":{"@id":"https:\/\/t-bath.com\/en\/privacy-policy\/#breadcrumb"},"inLanguage":"en-US","potentialAction":[{"@type":"ReadAction","target":["https:\/\/t-bath.com\/en\/privacy-policy\/"]}]},{"@type":"BreadcrumbList","@id":"https:\/\/t-bath.com\/en\/privacy-policy\/#breadcrumb","itemListElement":[{"@type":"ListItem","position":1,"name":"Anasayfa","item":"https:\/\/t-bath.com\/en\/"},{"@type":"ListItem","position":2,"name":"Privacy Policy"}]},{"@type":"WebSite","@id":"https:\/\/t-bath.com\/#website","url":"https:\/\/t-bath.com\/","name":"T-Bath","description":"Shower Systems","publisher":{"@id":"https:\/\/t-bath.com\/#organization"},"potentialAction":[{"@type":"SearchAction","target":{"@type":"EntryPoint","urlTemplate":"https:\/\/t-bath.com\/?s={search_term_string}"},"query-input":{"@type":"PropertyValueSpecification","valueRequired":true,"valueName":"search_term_string"}}],"inLanguage":"en-US"},{"@type":"Organization","@id":"https:\/\/t-bath.com\/#organization","name":"T-Bath","url":"https:\/\/t-bath.com\/","logo":{"@type":"ImageObject","inLanguage":"en-US","@id":"https:\/\/t-bath.com\/#\/schema\/logo\/image\/","url":"https:\/\/t-bath.com\/wp-content\/uploads\/2025\/01\/cropped-tb-logo_kucuk.png","contentUrl":"https:\/\/t-bath.com\/wp-content\/uploads\/2025\/01\/cropped-tb-logo_kucuk.png","width":200,"height":74,"caption":"T-Bath"},"image":{"@id":"https:\/\/t-bath.com\/#\/schema\/logo\/image\/"}}]}},"_links":{"self":[{"href":"https:\/\/t-bath.com\/en\/wp-json\/wp\/v2\/pages\/19466","targetHints":{"allow":["GET"]}}],"collection":[{"href":"https:\/\/t-bath.com\/en\/wp-json\/wp\/v2\/pages"}],"about":[{"href":"https:\/\/t-bath.com\/en\/wp-json\/wp\/v2\/types\/page"}],"author":[{"embeddable":true,"href":"https:\/\/t-bath.com\/en\/wp-json\/wp\/v2\/users\/1"}],"replies":[{"embeddable":true,"href":"https:\/\/t-bath.com\/en\/wp-json\/wp\/v2\/comments?post=19466"}],"version-history":[{"count":12,"href":"https:\/\/t-bath.com\/en\/wp-json\/wp\/v2\/pages\/19466\/revisions"}],"predecessor-version":[{"id":19784,"href":"https:\/\/t-bath.com\/en\/wp-json\/wp\/v2\/pages\/19466\/revisions\/19784"}],"wp:attachment":[{"href":"https:\/\/t-bath.com\/en\/wp-json\/wp\/v2\/media?parent=19466"}],"curies":[{"name":"wp","href":"https:\/\/api.w.org\/{rel}","templated":true}]}}